{"id":2,"date":"2020-10-19T13:16:10","date_gmt":"2020-10-19T11:16:10","guid":{"rendered":"https:\/\/skule.sormo.no\/b3\/?page_id=2"},"modified":"2026-03-23T10:39:08","modified_gmt":"2026-03-23T09:39:08","slug":"testside","status":"publish","type":"page","link":"https:\/\/skule.sormo.no\/b3\/","title":{"rendered":"Velkommen til digital p\u00e5ske-markedsbod for Klubb+ og Klubb X-tra i \u00c5sane menighet 2026!"},"content":{"rendered":"\r\n\r\n\r\n<p class=\"has-medium-font-size\">N\u00e5 er nettbutikken \u00c5PEN, men vi legger inn nye produkter etter hvert som de er klar, helt fram til p\u00e5skemardedet l\u00f8rdag 28. mars.<\/p>\r\n<h5>P\u00e5skemarkedet er en del av <a href=\"https:\/\/www.kirken.no\/nb-NO\/fellesrad\/Bergen\/menigheter\/Asane-menighet\/forsideoppslag\/p\u00e5skefest26\/\">P\u00c5SKEFESTEN (klikk her for info)<\/a>\u00a0 med kaf\u00e9, p\u00e5skeverksted, musikkgudstjeneste og Temasamling!<\/h5>\r\n<p class=\"has-medium-font-size\">Mange gode, hjemmelagede produkter!<\/p>\r\n\r\n\r\n\r\n<p class=\"has-medium-font-size\"><strong><em>Inntekten g\u00e5r til klubbdriften!\u00a0<\/em><\/strong><br \/><strong><em>BESTILL varene i nettbutikken, BETAL n\u00e5r du henter varene p\u00e5 P\u00e5skemarkedet i \u00c5sane kirke, se nedenfor. \u00a0\u00a0<\/em><\/strong><br \/><strong><em><a href=\"https:\/\/skule.sormo.no\/b3\/?page_id=6\">G\u00e5 rett til butikken her!<\/a><\/em><\/strong><\/p>\r\n\r\n\r\n\r\n<p class=\"has-medium-font-size\"><strong><span class=\"has-inline-color\" style=\"color: #a30016\">HVA GJ\u00d8R DU<\/span><\/strong>:<br \/>*\u00a0<em><strong>Velg produkte<\/strong><\/em><strong><em>r <\/em><\/strong><em>og legg dem i <\/em><strong><em>handlekurven<\/em><\/strong><br \/><em><strong>*<\/strong> G\u00e5 til <strong>Kasse, <\/strong>og <strong>send<\/strong> ordren.<strong><br \/><\/strong><\/em>*\u00a0<strong><em>Betal <\/em><\/strong><em>varene <\/em><strong><em>n\u00e5r du henter dem<\/em><\/strong>, <em>se nedenfor.<\/em><br \/><em>* Betaling: helst <strong>VIPPS<\/strong>, eller <strong>kontanter<\/strong> (obs vi har lite vekslepenger!)<\/em><br \/><em><br \/><\/em><strong><em>* Hvis du trenger teknisk hjelp\u00a0<\/em><\/strong><em>ring H\u00e5kon p\u00e5 454 29 358!<\/em><\/p>\r\n\r\n\r\n\r\n<p class=\"has-medium-font-size\"><strong><em><span class=\"has-inline-color\" style=\"color: #a30003\">HENTING av varene<\/span>:<\/em><\/strong><br \/><em>\u00a0L\u00f8rdag 28. mars 2026 er det P\u00e5skemarked i Torgstuen, \u00c5sane kirke, kl 11-15. Her kan du hente og betale varene, og du kan kj\u00f8pe mer hvis du vil! Hvis du ikke har mulighet for \u00e5 hente da, ring Kristine p\u00e5 988 18 528 og avtal!<\/em><br \/><br \/><em>Ja, du kan gjerne sende flere bestillinger, selv om du allerede har sendt en!<\/em><\/p>\r\n\r\n\r\n\r\n<p class=\"has-medium-font-size\"><a href=\"https:\/\/skule.sormo.no\/b3\/?page_id=6\"><strong><em>Til butikken her!<\/em><\/strong> <\/a><\/p>\r\n","protected":false},"excerpt":{"rendered":"<p>N\u00e5 er nettbutikken \u00c5PEN, men vi legger inn nye produkter etter hvert som de er klar, helt fram til p\u00e5skemardedet l\u00f8rdag 28. mars. P\u00e5skemarkedet er en del av P\u00c5SKEFESTEN (klikk her for info)\u00a0 med kaf\u00e9, p\u00e5skeverksted, musikkgudstjeneste og Temasamling! Mange gode, hjemmelagede produkter! Inntekten g\u00e5r til klubbdriften!\u00a0BESTILL varene i nettbutikken, BETAL n\u00e5r du henter varene [&hellip;]<\/p>\n","protected":false},"author":1,"featured_media":0,"parent":0,"menu_order":0,"comment_status":"closed","ping_status":"open","template":"","meta":{"site-sidebar-layout":"no-sidebar","site-content-layout":"default","ast-site-content-layout":"default","site-content-style":"default","site-sidebar-style":"default","ast-global-header-display":"","ast-banner-title-visibility":"","ast-main-header-display":"","ast-hfb-above-header-display":"","ast-hfb-below-header-display":"","ast-hfb-mobile-header-display":"","site-post-title":"","ast-breadcrumbs-content":"","ast-featured-img":"","footer-sml-layout":"","ast-disable-related-posts":"","theme-transparent-header-meta":"default","adv-header-id-meta":"","stick-header-meta":"","header-above-stick-meta":"","header-main-stick-meta":"","header-below-stick-meta":"","astra-migrate-meta-layouts":"set","ast-page-background-enabled":"default","ast-page-background-meta":{"desktop":{"background-color":"","background-image":"","background-repeat":"repeat","background-position":"center center","background-size":"auto","background-attachment":"scroll","background-type":"","background-media":"","overlay-type":"","overlay-color":"","overlay-opacity":"","overlay-gradient":""},"tablet":{"background-color":"","background-image":"","background-repeat":"repeat","background-position":"center center","background-size":"auto","background-attachment":"scroll","background-type":"","background-media":"","overlay-type":"","overlay-color":"","overlay-opacity":"","overlay-gradient":""},"mobile":{"background-color":"","background-image":"","background-repeat":"repeat","background-position":"center center","background-size":"auto","background-attachment":"scroll","background-type":"","background-media":"","overlay-type":"","overlay-color":"","overlay-opacity":"","overlay-gradient":""}},"ast-content-background-meta":{"desktop":{"background-color":"var(--ast-global-color-5)","background-image":"","background-repeat":"repeat","background-position":"center center","background-size":"auto","background-attachment":"scroll","background-type":"","background-media":"","overlay-type":"","overlay-color":"","overlay-opacity":"","overlay-gradient":""},"tablet":{"background-color":"var(--ast-global-color-5)","background-image":"","background-repeat":"repeat","background-position":"center center","background-size":"auto","background-attachment":"scroll","background-type":"","background-media":"","overlay-type":"","overlay-color":"","overlay-opacity":"","overlay-gradient":""},"mobile":{"background-color":"var(--ast-global-color-5)","background-image":"","background-repeat":"repeat","background-position":"center center","background-size":"auto","background-attachment":"scroll","background-type":"","background-media":"","overlay-type":"","overlay-color":"","overlay-opacity":"","overlay-gradient":""}},"footnotes":""},"class_list":["post-2","page","type-page","status-publish","hentry"],"_links":{"self":[{"href":"https:\/\/skule.sormo.no\/b3\/index.php?rest_route=\/wp\/v2\/pages\/2","targetHints":{"allow":["GET"]}}],"collection":[{"href":"https:\/\/skule.sormo.no\/b3\/index.php?rest_route=\/wp\/v2\/pages"}],"about":[{"href":"https:\/\/skule.sormo.no\/b3\/index.php?rest_route=\/wp\/v2\/types\/page"}],"author":[{"embeddable":true,"href":"https:\/\/skule.sormo.no\/b3\/index.php?rest_route=\/wp\/v2\/users\/1"}],"replies":[{"embeddable":true,"href":"https:\/\/skule.sormo.no\/b3\/index.php?rest_route=%2Fwp%2Fv2%2Fcomments&post=2"}],"version-history":[{"count":74,"href":"https:\/\/skule.sormo.no\/b3\/index.php?rest_route=\/wp\/v2\/pages\/2\/revisions"}],"predecessor-version":[{"id":1178,"href":"https:\/\/skule.sormo.no\/b3\/index.php?rest_route=\/wp\/v2\/pages\/2\/revisions\/1178"}],"wp:attachment":[{"href":"https:\/\/skule.sormo.no\/b3\/index.php?rest_route=%2Fwp%2Fv2%2Fmedia&parent=2"}],"curies":[{"name":"wp","href":"https:\/\/api.w.org\/{rel}","templated":true}]}}