{"id":3,"date":"2020-10-19T13:16:10","date_gmt":"2020-10-19T11:16:10","guid":{"rendered":"https:\/\/skule.sormo.no\/b3\/?page_id=3"},"modified":"2023-11-24T15:47:49","modified_gmt":"2023-11-24T14:47:49","slug":"personvern","status":"publish","type":"page","link":"https:\/\/skule.sormo.no\/b3\/?page_id=3","title":{"rendered":"Personvernerkl\u00e6ring"},"content":{"rendered":"\n<h2 class=\"wp-block-heading\">Hvem vi er<\/h2>\n\n\n\n<p>Denne nettbutikken er opprettet av Klubb + og Klubb X-tra i \u00c5sane kirke, for \u00e5 h\u00e5ndtere salg av varer til det digitale markedet for klubbene. Ansvarlige for nettsiden er Annette Lid og Kristine Bech-S\u00f8rensen. Nettsiden er velvilligst driftet av skule.sormo.no<br>V\u00e5r nettstedsadresse er: https:\/\/skule.sormo.no\/b3<\/p>\n\n\n\n<h2 class=\"wp-block-heading\">Hvilke personopplysninger vi samler inn og hvorfor vi samler de inn<\/h2>\n\n\n\n<h3 class=\"wp-block-heading\">Kontaktskjemaer<\/h3>\n\n\n\n<p>Personopplysningene du legger inn (Navn, adresse, epost-adresse, telefonnummer) arkiveres hos oss for at vi kan ha oversikt over hvem som har bestilt hva, og for at vi skal kunne kontakte deg ang\u00e5ende ordren din hvis det blir n\u00f8dvendig.<br>Opplysningene blir oppbevart til markedssalget er avsluttet i desember, og blir slettet innen 3 mnd.<\/p>\n\n\n\n<h3 class=\"wp-block-heading\">Informasjonskapsler<\/h3>\n\n\n\n<p>Hvis du legger inn en kommentar p\u00e5 dette nettstedet, kan du be oss om \u00e5 huske navn, e-post og nettsted. Denne informasjonen lagres i en informasjonskapsel og er der for \u00e5 gj\u00f8re ting lettere for deg. Du trenger da ikke \u00e5 gi inn denne informasjonen p\u00e5 nytt neste gang du legger inn en kommentar. Disse informasjonskapslene utl\u00f8per senest etter ett \u00e5r.<\/p>\n\n\n\n<p>Om du bes\u00f8ker v\u00e5r innloggingsside, vil vi opprette en midlertidig informasjonskapsel for \u00e5 avgj\u00f8re om nettleseren din aksepterer informasjonskapsler. Denne informasjonskapselen inneholder ingen personopplysninger og forsvinner s\u00e5 snart du lukker nettleseren din.<\/p>\n\n\n\n<p>N\u00e5r du logger deg inn, blir det opprettet informasjonskapsler som lagrer innloggingsinformasjonen din og valg du har tatt n\u00e5r det gjelder hvordan innhold skal vises. Informasjonskapsler med innloggingsinformasjon utl\u00f8per etter to dager, mens de med visningsvalg varer i ett \u00e5r. Hvis du krysser av for &amp;lauot;Husk meg\u00bbt;, vil innloggingsinformasjonen din oppbevares i to uker. Hvis du logger deg ut av kontoen din, vil disse informasjonskapslene forsvinne.<\/p>\n\n\n\n<h2 class=\"wp-block-heading\">Rettighetene dine n\u00e5r det gjelder opplysninger vi har om deg<\/h2>\n\n\n\n<p>Hvis du har en konto p\u00e5 dette nettstedet eller har lagt igjen kommentarer, kan du be om \u00e5 f\u00e5 en eksportfil som inneholder personopplysningene vi har om deg. Dette omfatter alle data du har gitt oss. Du kan ogs\u00e5 be om at vi sletter alle personopplysninger vi har om deg. Dette omfatter ikke opplysninger vi er p\u00e5lagt \u00e5 lagre av administrative, juridiske eller sikkerhetsmessige \u00e5rsaker.<\/p>\n","protected":false},"excerpt":{"rendered":"<p>Hvem vi er Denne nettbutikken er opprettet av Klubb + og Klubb X-tra i \u00c5sane kirke, for \u00e5 h\u00e5ndtere salg av varer til det digitale markedet for klubbene. Ansvarlige for nettsiden er Annette Lid og Kristine Bech-S\u00f8rensen. Nettsiden er velvilligst driftet av skule.sormo.noV\u00e5r nettstedsadresse er: https:\/\/skule.sormo.no\/b3 Hvilke personopplysninger vi samler inn og hvorfor vi samler [&hellip;]<\/p>\n","protected":false},"author":1,"featured_media":0,"parent":0,"menu_order":0,"comment_status":"closed","ping_status":"open","template":"","meta":{"site-sidebar-layout":"default","site-content-layout":"default","ast-site-content-layout":"default","site-content-style":"default","site-sidebar-style":"default","ast-global-header-display":"","ast-banner-title-visibility":"","ast-main-header-display":"","ast-hfb-above-header-display":"","ast-hfb-below-header-display":"","ast-hfb-mobile-header-display":"","site-post-title":"","ast-breadcrumbs-content":"","ast-featured-img":"","footer-sml-layout":"","ast-disable-related-posts":"","theme-transparent-header-meta":"default","adv-header-id-meta":"","stick-header-meta":"","header-above-stick-meta":"","header-main-stick-meta":"","header-below-stick-meta":"","astra-migrate-meta-layouts":"set","ast-page-background-enabled":"default","ast-page-background-meta":{"desktop":{"background-color":"","background-image":"","background-repeat":"repeat","background-position":"center center","background-size":"auto","background-attachment":"scroll","background-type":"","background-media":"","overlay-type":"","overlay-color":"","overlay-opacity":"","overlay-gradient":""},"tablet":{"background-color":"","background-image":"","background-repeat":"repeat","background-position":"center center","background-size":"auto","background-attachment":"scroll","background-type":"","background-media":"","overlay-type":"","overlay-color":"","overlay-opacity":"","overlay-gradient":""},"mobile":{"background-color":"","background-image":"","background-repeat":"repeat","background-position":"center center","background-size":"auto","background-attachment":"scroll","background-type":"","background-media":"","overlay-type":"","overlay-color":"","overlay-opacity":"","overlay-gradient":""}},"ast-content-background-meta":{"desktop":{"background-color":"var(--ast-global-color-5)","background-image":"","background-repeat":"repeat","background-position":"center center","background-size":"auto","background-attachment":"scroll","background-type":"","background-media":"","overlay-type":"","overlay-color":"","overlay-opacity":"","overlay-gradient":""},"tablet":{"background-color":"var(--ast-global-color-5)","background-image":"","background-repeat":"repeat","background-position":"center center","background-size":"auto","background-attachment":"scroll","background-type":"","background-media":"","overlay-type":"","overlay-color":"","overlay-opacity":"","overlay-gradient":""},"mobile":{"background-color":"var(--ast-global-color-5)","background-image":"","background-repeat":"repeat","background-position":"center center","background-size":"auto","background-attachment":"scroll","background-type":"","background-media":"","overlay-type":"","overlay-color":"","overlay-opacity":"","overlay-gradient":""}},"footnotes":""},"class_list":["post-3","page","type-page","status-publish","hentry"],"_links":{"self":[{"href":"https:\/\/skule.sormo.no\/b3\/index.php?rest_route=\/wp\/v2\/pages\/3","targetHints":{"allow":["GET"]}}],"collection":[{"href":"https:\/\/skule.sormo.no\/b3\/index.php?rest_route=\/wp\/v2\/pages"}],"about":[{"href":"https:\/\/skule.sormo.no\/b3\/index.php?rest_route=\/wp\/v2\/types\/page"}],"author":[{"embeddable":true,"href":"https:\/\/skule.sormo.no\/b3\/index.php?rest_route=\/wp\/v2\/users\/1"}],"replies":[{"embeddable":true,"href":"https:\/\/skule.sormo.no\/b3\/index.php?rest_route=%2Fwp%2Fv2%2Fcomments&post=3"}],"version-history":[{"count":6,"href":"https:\/\/skule.sormo.no\/b3\/index.php?rest_route=\/wp\/v2\/pages\/3\/revisions"}],"predecessor-version":[{"id":691,"href":"https:\/\/skule.sormo.no\/b3\/index.php?rest_route=\/wp\/v2\/pages\/3\/revisions\/691"}],"wp:attachment":[{"href":"https:\/\/skule.sormo.no\/b3\/index.php?rest_route=%2Fwp%2Fv2%2Fmedia&parent=3"}],"curies":[{"name":"wp","href":"https:\/\/api.w.org\/{rel}","templated":true}]}}