{"id":517,"date":"2021-11-15T15:05:47","date_gmt":"2021-11-15T14:05:47","guid":{"rendered":"https:\/\/skule.sormo.no\/b3\/?post_type=product&#038;p=517"},"modified":"2026-03-25T21:21:25","modified_gmt":"2026-03-25T20:21:25","slug":"tebirkes-pose-med-4-stk","status":"publish","type":"product","link":"https:\/\/skule.sormo.no\/b3\/?product=tebirkes-pose-med-4-stk","title":{"rendered":"Tebirkes. Pose med 4 stk."},"content":{"rendered":"","protected":false},"excerpt":{"rendered":"<p>Dette er gode, hjemmebakte danske tebirkes (rundstykker) med valmuefr\u00f8. Varmes i ovn, spises med sm\u00f8r, ost og syltet\u00f8y.<br \/>\n<span style=\"color: #0000ff\"><span style=\"color: #000000\">Fortsette \u00e5 handle:\u00a0<\/span><em><strong>\u00a0\u00a0<a href=\"https:\/\/skule.sormo.no\/b3\/?page_id=6\">Butikk<\/a><\/strong><\/em><\/span><\/p>\n","protected":false},"featured_media":608,"template":"","meta":{"site-sidebar-layout":"default","site-content-layout":"default","ast-site-content-layout":"default","site-content-style":"default","site-sidebar-style":"default","ast-global-header-display":"","ast-banner-title-visibility":"","ast-main-header-display":"","ast-hfb-above-header-display":"","ast-hfb-below-header-display":"","ast-hfb-mobile-header-display":"","site-post-title":"","ast-breadcrumbs-content":"","ast-featured-img":"","footer-sml-layout":"","ast-disable-related-posts":"","theme-transparent-header-meta":"default","adv-header-id-meta":"","stick-header-meta":"","header-above-stick-meta":"","header-main-stick-meta":"","header-below-stick-meta":"","astra-migrate-meta-layouts":"set","ast-page-background-enabled":"default","ast-page-background-meta":{"desktop":{"background-color":"","background-image":"","background-repeat":"repeat","background-position":"center center","background-size":"auto","background-attachment":"scroll","background-type":"","background-media":"","overlay-type":"","overlay-color":"","overlay-opacity":"","overlay-gradient":""},"tablet":{"background-color":"","background-image":"","background-repeat":"repeat","background-position":"center center","background-size":"auto","background-attachment":"scroll","background-type":"","background-media":"","overlay-type":"","overlay-color":"","overlay-opacity":"","overlay-gradient":""},"mobile":{"background-color":"","background-image":"","background-repeat":"repeat","background-position":"center center","background-size":"auto","background-attachment":"scroll","background-type":"","background-media":"","overlay-type":"","overlay-color":"","overlay-opacity":"","overlay-gradient":""}},"ast-content-background-meta":{"desktop":{"background-color":"var(--ast-global-color-5)","background-image":"","background-repeat":"repeat","background-position":"center center","background-size":"auto","background-attachment":"scroll","background-type":"","background-media":"","overlay-type":"","overlay-color":"","overlay-opacity":"","overlay-gradient":""},"tablet":{"background-color":"var(--ast-global-color-5)","background-image":"","background-repeat":"repeat","background-position":"center center","background-size":"auto","background-attachment":"scroll","background-type":"","background-media":"","overlay-type":"","overlay-color":"","overlay-opacity":"","overlay-gradient":""},"mobile":{"background-color":"var(--ast-global-color-5)","background-image":"","background-repeat":"repeat","background-position":"center center","background-size":"auto","background-attachment":"scroll","background-type":"","background-media":"","overlay-type":"","overlay-color":"","overlay-opacity":"","overlay-gradient":""}}},"product_brand":[],"product_cat":[15],"product_tag":[],"class_list":{"0":"post-517","1":"product","2":"type-product","3":"status-publish","4":"has-post-thumbnail","6":"product_cat-ukategorisert","7":"desktop-align-left","8":"tablet-align-left","9":"mobile-align-left","11":"first","12":"instock","13":"virtual","14":"purchasable","15":"product-type-simple"},"_links":{"self":[{"href":"https:\/\/skule.sormo.no\/b3\/index.php?rest_route=\/wp\/v2\/product\/517","targetHints":{"allow":["GET"]}}],"collection":[{"href":"https:\/\/skule.sormo.no\/b3\/index.php?rest_route=\/wp\/v2\/product"}],"about":[{"href":"https:\/\/skule.sormo.no\/b3\/index.php?rest_route=\/wp\/v2\/types\/product"}],"wp:featuredmedia":[{"embeddable":true,"href":"https:\/\/skule.sormo.no\/b3\/index.php?rest_route=\/wp\/v2\/media\/608"}],"wp:attachment":[{"href":"https:\/\/skule.sormo.no\/b3\/index.php?rest_route=%2Fwp%2Fv2%2Fmedia&parent=517"}],"wp:term":[{"taxonomy":"product_brand","embeddable":true,"href":"https:\/\/skule.sormo.no\/b3\/index.php?rest_route=%2Fwp%2Fv2%2Fproduct_brand&post=517"},{"taxonomy":"product_cat","embeddable":true,"href":"https:\/\/skule.sormo.no\/b3\/index.php?rest_route=%2Fwp%2Fv2%2Fproduct_cat&post=517"},{"taxonomy":"product_tag","embeddable":true,"href":"https:\/\/skule.sormo.no\/b3\/index.php?rest_route=%2Fwp%2Fv2%2Fproduct_tag&post=517"}],"curies":[{"name":"wp","href":"https:\/\/api.w.org\/{rel}","templated":true}]}}